{"id":2,"date":"2017-12-22T21:35:35","date_gmt":"2017-12-22T20:35:35","guid":{"rendered":"http:\/\/www.marion-net.fr\/blog\/?page_id=2"},"modified":"2024-05-15T22:46:25","modified_gmt":"2024-05-15T20:46:25","slug":"page-d-exemple","status":"publish","type":"page","link":"https:\/\/www.marion-net.fr\/blog\/","title":{"rendered":"Bienvenue sur marion-net.fr"},"content":{"rendered":"<div class=\"wp-block-image\">\n<figure class=\"aligncenter\"><a href=\"https:\/\/www.marion-net.fr\/blog\/wp-content\/uploads\/2019\/09\/IMG_0496.jpg\"><img loading=\"lazy\" decoding=\"async\" width=\"1024\" height=\"330\" src=\"https:\/\/www.marion-net.fr\/blog\/wp-content\/uploads\/2019\/09\/IMG_0496-1024x330.jpg\" alt=\"F\u00eate des Loges - Man\u00e8ge\" class=\"wp-image-348\" srcset=\"https:\/\/www.marion-net.fr\/blog\/wp-content\/uploads\/2019\/09\/IMG_0496-1024x330.jpg 1024w, https:\/\/www.marion-net.fr\/blog\/wp-content\/uploads\/2019\/09\/IMG_0496-300x97.jpg 300w, https:\/\/www.marion-net.fr\/blog\/wp-content\/uploads\/2019\/09\/IMG_0496-768x248.jpg 768w, https:\/\/www.marion-net.fr\/blog\/wp-content\/uploads\/2019\/09\/IMG_0496-1200x387.jpg 1200w\" sizes=\"auto, (max-width: 709px) 85vw, (max-width: 909px) 67vw, (max-width: 1362px) 62vw, 840px\" \/><\/a><figcaption class=\"wp-element-caption\">Voitures de man\u00e8ge \u00e0 la f\u00eate des Loges<\/figcaption><\/figure>\n<\/div>\n\n<p>Bienvenue sur Le_Blog, du site marion-net.<\/p>\n<p>&nbsp;<\/p>","protected":false},"excerpt":{"rendered":"<p>Bienvenue sur Le_Blog, du site marion-net. &nbsp;<\/p>\n","protected":false},"author":1,"featured_media":0,"parent":0,"menu_order":0,"comment_status":"closed","ping_status":"open","template":"","meta":{"footnotes":""},"class_list":["post-2","page","type-page","status-publish","hentry"],"_links":{"self":[{"href":"https:\/\/www.marion-net.fr\/blog\/wp-json\/wp\/v2\/pages\/2","targetHints":{"allow":["GET"]}}],"collection":[{"href":"https:\/\/www.marion-net.fr\/blog\/wp-json\/wp\/v2\/pages"}],"about":[{"href":"https:\/\/www.marion-net.fr\/blog\/wp-json\/wp\/v2\/types\/page"}],"author":[{"embeddable":true,"href":"https:\/\/www.marion-net.fr\/blog\/wp-json\/wp\/v2\/users\/1"}],"replies":[{"embeddable":true,"href":"https:\/\/www.marion-net.fr\/blog\/wp-json\/wp\/v2\/comments?post=2"}],"version-history":[{"count":18,"href":"https:\/\/www.marion-net.fr\/blog\/wp-json\/wp\/v2\/pages\/2\/revisions"}],"predecessor-version":[{"id":567,"href":"https:\/\/www.marion-net.fr\/blog\/wp-json\/wp\/v2\/pages\/2\/revisions\/567"}],"wp:attachment":[{"href":"https:\/\/www.marion-net.fr\/blog\/wp-json\/wp\/v2\/media?parent=2"}],"curies":[{"name":"wp","href":"https:\/\/api.w.org\/{rel}","templated":true}]}}